{"id":59,"date":"2012-02-06T16:52:23","date_gmt":"2012-02-06T16:52:23","guid":{"rendered":"http:\/\/fotoaragon.unizar.es\/?page_id=59"},"modified":"2019-06-28T10:31:32","modified_gmt":"2019-06-28T10:31:32","slug":"investigacion","status":"publish","type":"page","link":"http:\/\/fotoaragon.cesar.unizar.es\/?page_id=59","title":{"rendered":"II Jornadas Hta. de la Fotograf\u00eda \/ 2017"},"content":{"rendered":"<p style=\"color: #db2f0e;\"><span style=\"color: #000000;\">Las <em>II Jornadas sobre Investigaci\u00f3n en Historia de la Fotograf\u00eda<\/em>, organizadas por la Instituci\u00f3n Fernando el Cat\u00f3lico de Zaragoza,<\/span><br \/>\n<span style=\"color: #000000;\"> tendr\u00e1n lugar los d\u00edas 25, 26 y 27 de octubre de 2017.<\/span><\/p>\n<p><b>Lugar de celebraci\u00f3n<\/b><\/p>\n<p>Aula de la Instituci\u00f3n Fernando el Cat\u00f3lico (DPZ).<br \/>\nEntrada: ma\u00f1anas por Plaza de Espa\u00f1a, 2 y tardes por c\/ 5 de Marzo, 8<\/p>\n<p><b>INSCRIPCIONES<\/b><\/p>\n<p>La inscripci\u00f3n se realizar\u00e1 a trav\u00e9s de la p\u00e1gina:<b><br \/>\nhttp:\/\/ifc.dpz.es\/actividades\/cursos<br \/>\n<\/b>El plazo de inscripci\u00f3n finaliza a las 14:00 horas del d\u00eda 20 de octubre, viernes, salvo que se complete previamente el aforo (90 plazas).<b><br \/>\n<\/b>DERECHOS DE INSCRIPCI\u00d3N: 25 euros<br \/>\nEl pago de la inscripci\u00f3n dar\u00e1 derecho a los asistentes a las Jornadas a un diploma acreditativo.<\/p>\n","protected":false},"excerpt":{"rendered":"<p>Las II Jornadas sobre Investigaci\u00f3n en Historia de la Fotograf\u00eda, organizadas por la Instituci\u00f3n Fernando el Cat\u00f3lico de Zaragoza, tendr\u00e1n lugar los d\u00edas 25, 26 y 27 de octubre de 2017. Lugar de celebraci\u00f3n Aula de la Instituci\u00f3n Fernando el Cat\u00f3lico (DPZ). Entrada: ma\u00f1anas por Plaza de Espa\u00f1a, 2 y tardes por c\/ 5 de [&hellip;]<\/p>\n","protected":false},"author":1,"featured_media":0,"parent":1855,"menu_order":4,"comment_status":"closed","ping_status":"closed","template":"home-panels.php","meta":{"footnotes":""},"class_list":["post-59","page","type-page","status-publish","hentry"],"_links":{"self":[{"href":"http:\/\/fotoaragon.cesar.unizar.es\/index.php?rest_route=\/wp\/v2\/pages\/59","targetHints":{"allow":["GET"]}}],"collection":[{"href":"http:\/\/fotoaragon.cesar.unizar.es\/index.php?rest_route=\/wp\/v2\/pages"}],"about":[{"href":"http:\/\/fotoaragon.cesar.unizar.es\/index.php?rest_route=\/wp\/v2\/types\/page"}],"author":[{"embeddable":true,"href":"http:\/\/fotoaragon.cesar.unizar.es\/index.php?rest_route=\/wp\/v2\/users\/1"}],"replies":[{"embeddable":true,"href":"http:\/\/fotoaragon.cesar.unizar.es\/index.php?rest_route=%2Fwp%2Fv2%2Fcomments&post=59"}],"version-history":[{"count":27,"href":"http:\/\/fotoaragon.cesar.unizar.es\/index.php?rest_route=\/wp\/v2\/pages\/59\/revisions"}],"predecessor-version":[{"id":1860,"href":"http:\/\/fotoaragon.cesar.unizar.es\/index.php?rest_route=\/wp\/v2\/pages\/59\/revisions\/1860"}],"up":[{"embeddable":true,"href":"http:\/\/fotoaragon.cesar.unizar.es\/index.php?rest_route=\/wp\/v2\/pages\/1855"}],"wp:attachment":[{"href":"http:\/\/fotoaragon.cesar.unizar.es\/index.php?rest_route=%2Fwp%2Fv2%2Fmedia&parent=59"}],"curies":[{"name":"wp","href":"https:\/\/api.w.org\/{rel}","templated":true}]}}