{"id":232,"date":"2012-02-06T16:46:08","date_gmt":"2012-02-06T16:46:08","guid":{"rendered":"http:\/\/fotoaragon.unizar.es\/?page_id=232"},"modified":"2026-02-16T10:19:25","modified_gmt":"2026-02-16T10:19:25","slug":"232-2","status":"publish","type":"page","link":"http:\/\/fotoaragon.cesar.unizar.es\/?page_id=232","title":{"rendered":"Audiovisuales"},"content":{"rendered":"<p>(2020) Spot publicitario del Proyecto de Investigaci\u00f3n:<br \/><strong><em>Arag\u00f3n Photo. Arag\u00f3n al rescate del patrimonio fotogr\u00e1fico oculto<\/em><\/strong><\/p>\n<p><iframe loading=\"lazy\" title=\"Arag\u00f3n Photo\" src=\"https:\/\/player.vimeo.com\/video\/392040512?dnt=1&amp;app_id=122963\" width=\"694\" height=\"390\" frameborder=\"0\" allow=\"autoplay; fullscreen; picture-in-picture; clipboard-write; encrypted-media; web-share\" referrerpolicy=\"strict-origin-when-cross-origin\"><\/iframe><\/p>\n<p><strong>Ficha t\u00e9cnica:<\/strong><br \/>Direcci\u00f3n: Javier Calvo<br \/>Creativos: J. A. Hern\u00e1ndez Latas \u2013 Javier Calvo<br \/>Director de fotograf\u00eda: Jos\u00e9 Carlos Ruiz<br \/>Producci\u00f3n: Javier Estella<br \/>Actor: Mariano An\u00f3s<br \/>Actriz: Bel\u00e9n Salinas<br \/>Off: Mar\u00eda Salinas<br \/>Una producci\u00f3n VARYKINO (Zaragoza, 2020)<\/p>\n<p>(2016)<strong> De la estereoscop\u00eda a la animaci\u00f3n en 3D:<br \/><\/strong><em>Zaragoza Estereosc\u00f3pica. Fotograf\u00eda profesional y comercial (1850-1970)<\/em><\/p>\n<p><iframe loading=\"lazy\" title=\"Zaragoza estereosc\u00f3pica. Fotograf\u00eda profesional y comercial (1850-1970)\" width=\"694\" height=\"390\" src=\"https:\/\/www.youtube.com\/embed\/bBDTAyOkUGw?feature=oembed\" frameborder=\"0\" allow=\"accelerometer; autoplay; clipboard-write; encrypted-media; gyroscope; picture-in-picture; web-share\" referrerpolicy=\"strict-origin-when-cross-origin\" allowfullscreen><\/iframe><\/p>\n<p>Audiovisual realizado por Juanjo Ascaso y Esteban Ania, con el asesoramiento de Jos\u00e9 Antonio Hern\u00e1ndez Latas, con motivo de la exposici\u00f3n <em>Zaragoza Estereosc\u00f3pica. Fotograf\u00eda profesional y comercial (1850-1970),<\/em> que est\u00e1 teniendo lugar en las salas del Edificio Paraninfo de la Universidad de Zaragoza, entre el 4 de octubre de 2016 y el 14 de enero de 2017.<\/p>\n<p><em>Nota sobre el audiovisual:<\/em><\/p>\n<p>El \u00a0fen\u00f3meno f\u00edsico conocido como \u00abpersistencia retiniana\u00bb es la base de la visi\u00f3n estereosc\u00f3pica, pero tambi\u00e9n lo es de la ilusi\u00f3n de movimiento que provocan la sucesi\u00f3n de im\u00e1genes o fotogramas del cinemat\u00f3grafo.<\/p>\n<p>Hoy d\u00eda, la tecnolog\u00eda digital hace posible que las dos vistas ligeramente distintas que componen una imagen estereosc\u00f3pica puedan ser superpuestas, una sobre otra, y proyectadas con una cierta secuencia temporal que suscite en el espectador la sensaci\u00f3n de tridimensionalidad, sin necesidad de utilizar gafas o visores estereosc\u00f3picos.\u00a0 Es lo que se conoce como animaciones en 3D o <i>Gifs<\/i> animados.<\/p>\n<p>El audiovisual que les presentamos, compuesto por una selecci\u00f3n de fotograf\u00edas estereosc\u00f3picas hist\u00f3ricas de la ciudad de Zaragoza, ha sido elaborado haciendo uso de estas innovadoras tecnolog\u00edas de la imagen con el prop\u00f3sito de ofrecer a aquellos visitantes que puedan tener dificultades- fisiol\u00f3gicas u \u00f3pticas- para la percepci\u00f3n de im\u00e1genes estereosc\u00f3picas una alternativa que les permita disfrutar de la ilusi\u00f3n de relieve o tridimensionalidad.<\/p>\n<p>(2015)<strong> Santiago Ram\u00f3n y Cajal. Viajes, fotograf\u00eda y memoria<\/strong> <strong>(2012)<\/strong><\/p>\n<p><iframe loading=\"lazy\" title=\"2012 - Santiago Ramon y Cajal. Viajes, fotograf\u00eda y memoria.\" src=\"https:\/\/player.vimeo.com\/video\/89591415?dnt=1&amp;app_id=122963\" width=\"694\" height=\"390\" frameborder=\"0\" allow=\"autoplay; fullscreen; picture-in-picture; clipboard-write; encrypted-media; web-share\" referrerpolicy=\"strict-origin-when-cross-origin\"><\/iframe><\/p>\n<p>Este breve documental fue elaborado por Jos\u00e9 Antonio Hern\u00e1ndez Latas, Jes\u00fas Tramullas Saz y Manuel Bea Mart\u00ednez durante el III Taller de Gui\u00f3n y Producci\u00f3n del Documental Cient\u00edfico impartido en la Universidad de Zaragoza por los profesores Javier Calvo, Javier Estella y Jos\u00e9 Carlos Ruiz Cantarero.<\/p>\n<p>Ilustra la pasi\u00f3n por la fotograf\u00eda y los viajes del cient\u00edfico Santiago Ram\u00f3n y Cajal, a partir del material fotogr\u00e1fico original del viaje que le llev\u00f3 desde Par\u00eds a los Estados Unidos en 1899. La entrevista a uno de sus descendientes, D. Pedro Ram\u00f3n y Cajal, sirve de gu\u00eda y acompa\u00f1a a los espectadores a trav\u00e9s de este recorrido visual retrospectivo.<\/p>\n<p>Fue proyectado dentro de la secci\u00f3n oficial del <strong>XVII Festival de Cine de Zaragoza<\/strong> (25 de noviembre de 2012) y seleccionado por la <strong>FECYT<\/strong> para formar parte de su programaci\u00f3n de \u201c<strong>Cine cient\u00edfico, 2012-2013<\/strong>\u00ab<\/p>\n<p>Y\u00a0recientemente\u00a0ha sido galardonado con el<strong><em> Premio\u00a0MUY INTERESANTE\u00a0al mejor cortometraje documental cient\u00edfico<\/em><\/strong> en el\u00a0<strong>FESTIVAL DE CINE INTERNACIONAL DE DAROCA, 2019.<\/strong><\/p>\n<hr \/>\n<p>(2016\/03\/30) <strong>Pasado y futuro de la fotograf\u00eda<\/strong><br \/><em>En ruta con la Ciencia<\/em>, cap\u00edtulo 17\u00a0<strong><br \/><\/strong>Arag\u00f3n Televisi\u00f3n<br \/><br \/>1\u00aa parte: Investigador ARAID, Jos\u00e9 Antonio Hern\u00e1ndez Latas (fotograf\u00eda hist\u00f3rica):\u00a0 0 a 10,32 min<br \/>2\u00aa parte: Investigador I3A, Diego Guti\u00e9rrez (femto-fotograf\u00eda): 10,32 min a final.<\/p>\n\n\n<figure class=\"wp-block-image size-large is-resized\"><a href=\"https:\/\/alacarta.aragontelevision.es\/programas\/en-ruta-con-la-ciencia\/cap-17-30032016-2308\" target=\"_blank\" rel=\" noreferrer noopener\"><img loading=\"lazy\" decoding=\"async\" width=\"644\" height=\"362\" src=\"http:\/\/fotoaragon.cesar.unizar.es\/wp-content\/uploads\/2026\/02\/En-ruta-con-la-ciencia-17-644x362.jpg\" alt=\"\" class=\"wp-image-4251\" style=\"aspect-ratio:1.7790391505158198;width:840px;height:auto\" srcset=\"http:\/\/fotoaragon.cesar.unizar.es\/wp-content\/uploads\/2026\/02\/En-ruta-con-la-ciencia-17-644x362.jpg 644w, http:\/\/fotoaragon.cesar.unizar.es\/wp-content\/uploads\/2026\/02\/En-ruta-con-la-ciencia-17-300x169.jpg 300w, http:\/\/fotoaragon.cesar.unizar.es\/wp-content\/uploads\/2026\/02\/En-ruta-con-la-ciencia-17-768x432.jpg 768w, http:\/\/fotoaragon.cesar.unizar.es\/wp-content\/uploads\/2026\/02\/En-ruta-con-la-ciencia-17-1536x864.jpg 1536w, http:\/\/fotoaragon.cesar.unizar.es\/wp-content\/uploads\/2026\/02\/En-ruta-con-la-ciencia-17.jpg 1920w\" sizes=\"auto, (max-width: 644px) 100vw, 644px\" \/><\/a><figcaption class=\"wp-element-caption\">Car\u00e1tula del programa <em>En ruta con la Ciencia<\/em>, cap. 17, emitido por Arag\u00f3n Televisi\u00f3n<\/figcaption><\/figure>\n\n\n\n<figure class=\"wp-block-image size-large is-resized\"><a href=\"https:\/\/www.dropbox.com\/scl\/fi\/u02jk14nq9xufwdqpbp5r\/45.-HA-2019-13-de-junio-ZANETTI.pdf?rlkey=v1z6pul8kc6a7dmz50xya3v5e&amp;e=1&amp;dl=0\" target=\"_blank\" rel=\" noreferrer noopener\"><img loading=\"lazy\" decoding=\"async\" width=\"644\" height=\"362\" src=\"http:\/\/fotoaragon.cesar.unizar.es\/wp-content\/uploads\/2026\/02\/Jose-Zanetti-1-644x362.jpg\" alt=\"\" class=\"wp-image-4253\" style=\"aspect-ratio:1.7790391505158198;width:840px;height:auto\" srcset=\"http:\/\/fotoaragon.cesar.unizar.es\/wp-content\/uploads\/2026\/02\/Jose-Zanetti-1-644x362.jpg 644w, http:\/\/fotoaragon.cesar.unizar.es\/wp-content\/uploads\/2026\/02\/Jose-Zanetti-1-300x169.jpg 300w, http:\/\/fotoaragon.cesar.unizar.es\/wp-content\/uploads\/2026\/02\/Jose-Zanetti-1-768x432.jpg 768w, http:\/\/fotoaragon.cesar.unizar.es\/wp-content\/uploads\/2026\/02\/Jose-Zanetti-1-1536x864.jpg 1536w, http:\/\/fotoaragon.cesar.unizar.es\/wp-content\/uploads\/2026\/02\/Jose-Zanetti-1.jpg 1920w\" sizes=\"auto, (max-width: 644px) 100vw, 644px\" \/><\/a><figcaption class=\"wp-element-caption\">Infograf\u00eda sobre el pintor y pionero de la fotograf\u00eda Jos\u00e9 Mar\u00eda Zanetti, mal llamado por la historiograf\u00eda Jos\u00e9 Ramos Zappetti, que se form\u00f3 en Zaragoza y que realiz\u00f3 sus primeras experiencias fotogr\u00e1ficas en Roma hacia el a\u00f1o 1839. <em>En ruta con la Ciencia<\/em>, cap. 17.<\/figcaption><\/figure>\n\n\n\n<p><strong>Ficha t\u00e9cnica:<\/strong><\/p>\n\n\n\n<figure class=\"wp-block-table is-style-regular has-small-font-size\"><table class=\"has-fixed-layout\"><tbody><tr><td class=\"has-text-align-left\" data-align=\"left\"><strong>Presentado<\/strong><strong>r:<\/strong><\/td><td class=\"has-text-align-left\" data-align=\"left\">Carlos Pobes&nbsp;<\/td><\/tr><tr><td class=\"has-text-align-left\" data-align=\"left\"><strong>Colaboradora:<\/strong><\/td><td class=\"has-text-align-left\" data-align=\"left\">Ana Esteban<\/td><\/tr><tr><td class=\"has-text-align-left\" data-align=\"left\"><strong>Direcci\u00f3n:<\/strong><\/td><td class=\"has-text-align-left\" data-align=\"left\">Mirella R. Abrisqueta<\/td><\/tr><tr><td class=\"has-text-align-left\" data-align=\"left\"><strong>Producci\u00f3n delegada ATV:<\/strong><\/td><td class=\"has-text-align-left\" data-align=\"left\">Ana Rosel<\/td><\/tr><tr><td class=\"has-text-align-left\" data-align=\"left\"><strong>Redactoras:<\/strong><\/td><td class=\"has-text-align-left\" data-align=\"left\">Isabel L\u00f3pez y Raquel Plou<\/td><\/tr><tr><td class=\"has-text-align-left\" data-align=\"left\"><strong>Editor:<\/strong><\/td><td class=\"has-text-align-left\" data-align=\"left\">Pablo Urcola<\/td><\/tr><tr><td class=\"has-text-align-left\" data-align=\"left\"><strong>Operadores c\u00e1mara:<\/strong><\/td><td class=\"has-text-align-left\" data-align=\"left\">Marisa Fleta y Javier Gracia<\/td><\/tr><tr><td class=\"has-text-align-left\" data-align=\"left\"><strong>Aux. de c\u00e1mara:<\/strong><\/td><td class=\"has-text-align-left\" data-align=\"left\">Sergio Vicente<\/td><\/tr><tr><td class=\"has-text-align-left\" data-align=\"left\"><strong>Ilustrador:<\/strong><\/td><td class=\"has-text-align-left\" data-align=\"left\">Ra\u00fal Navarro<\/td><\/tr><\/tbody><\/table><\/figure>\n","protected":false},"excerpt":{"rendered":"<p>(2020) Spot publicitario del Proyecto de Investigaci\u00f3n:Arag\u00f3n Photo. Arag\u00f3n al rescate del patrimonio fotogr\u00e1fico oculto Ficha t\u00e9cnica:Direcci\u00f3n: Javier CalvoCreativos: J. A. Hern\u00e1ndez Latas \u2013 Javier CalvoDirector de fotograf\u00eda: Jos\u00e9 Carlos RuizProducci\u00f3n: Javier EstellaActor: Mariano An\u00f3sActriz: Bel\u00e9n SalinasOff: Mar\u00eda SalinasUna producci\u00f3n VARYKINO (Zaragoza, 2020) (2016) De la estereoscop\u00eda a la animaci\u00f3n en 3D:Zaragoza Estereosc\u00f3pica. Fotograf\u00eda profesional [&hellip;]<\/p>\n","protected":false},"author":1,"featured_media":0,"parent":0,"menu_order":6,"comment_status":"closed","ping_status":"closed","template":"home-panels.php","meta":{"footnotes":""},"class_list":["post-232","page","type-page","status-publish","hentry"],"_links":{"self":[{"href":"http:\/\/fotoaragon.cesar.unizar.es\/index.php?rest_route=\/wp\/v2\/pages\/232","targetHints":{"allow":["GET"]}}],"collection":[{"href":"http:\/\/fotoaragon.cesar.unizar.es\/index.php?rest_route=\/wp\/v2\/pages"}],"about":[{"href":"http:\/\/fotoaragon.cesar.unizar.es\/index.php?rest_route=\/wp\/v2\/types\/page"}],"author":[{"embeddable":true,"href":"http:\/\/fotoaragon.cesar.unizar.es\/index.php?rest_route=\/wp\/v2\/users\/1"}],"replies":[{"embeddable":true,"href":"http:\/\/fotoaragon.cesar.unizar.es\/index.php?rest_route=%2Fwp%2Fv2%2Fcomments&post=232"}],"version-history":[{"count":57,"href":"http:\/\/fotoaragon.cesar.unizar.es\/index.php?rest_route=\/wp\/v2\/pages\/232\/revisions"}],"predecessor-version":[{"id":4283,"href":"http:\/\/fotoaragon.cesar.unizar.es\/index.php?rest_route=\/wp\/v2\/pages\/232\/revisions\/4283"}],"wp:attachment":[{"href":"http:\/\/fotoaragon.cesar.unizar.es\/index.php?rest_route=%2Fwp%2Fv2%2Fmedia&parent=232"}],"curies":[{"name":"wp","href":"https:\/\/api.w.org\/{rel}","templated":true}]}}