{"id":2275,"date":"2020-03-10T16:21:09","date_gmt":"2020-03-10T16:21:09","guid":{"rendered":"http:\/\/fotoaragon.unizar.es\/?page_id=2275"},"modified":"2020-11-27T16:39:54","modified_gmt":"2020-11-27T16:39:54","slug":"podcasts","status":"publish","type":"page","link":"http:\/\/fotoaragon.cesar.unizar.es\/?page_id=2275","title":{"rendered":"Podcasts"},"content":{"rendered":"<p><span style=\"font-size: large;\"><a href=\"http:\/\/fotoaragon.cesar.unizar.es\/wp-content\/uploads\/2020\/03\/icrofono-retro.jpg\"><img loading=\"lazy\" decoding=\"async\" class=\"alignleft size-full wp-image-2299\" alt=\"icrofono retro\" src=\"http:\/\/fotoaragon.cesar.unizar.es\/wp-content\/uploads\/2020\/03\/icrofono-retro.jpg\" width=\"44\" height=\"76\" \/><\/a><\/span><\/p>\n<p>&nbsp;<\/p>\n<p><span style=\"font-size: large;\"><br \/>\nPodcasts<\/span><\/p>\n<p><strong><a href=\"http:\/\/www.aragonradio.es\/podcast\/emision\/proyecto-para-recuperar-el-pasado-de-aragon-a-traves-de-las-fotos\/\" target=\"_blank\">21\/11 \/2020 ARAG\u00d3N RADIO. La Cadiera: Proyecto Arag\u00f3n Photo. Al rescate del patrimonio fotogr\u00e1fico oculto<\/a>\u00a0[07:27 min]<\/strong><br \/>\nJos\u00e9 Antonio Hern\u00e1ndez Latas es uno de los impulsores de este proyecto de ciencia ciudadana que pretende recuperar im\u00e1genes conservadas en los archivos familiares aragoneses.<\/p>\n<p>Con \u00d3scar Vegas y Teresa Cano.<\/p>\n<p><strong><a href=\"http:\/\/www.aragonradio.es\/podcast\/emision\/proyecto-para-recuperar-el-pasado-de-aragon-a-traves-de-las-fotos\/\" target=\"_blank\">27\/02\/2020 ARAG\u00d3N RADIO. Despierta Arag\u00f3n: Proyecto Arag\u00f3n Photo. Al rescate del patrimonio fotogr\u00e1fico oculto<\/a>\u00a0[07:46 min]<\/strong><br \/>\nLa unidad m\u00f3vil de Arag\u00f3n Radio se desplaza a la Universidad de Zaragoza para charlar con Jos\u00e9 Antonio Hern\u00e1ndez Latas, investigador de Araid, del proyecto \u2018Arag\u00f3n Foto&#8217;, que pretende recopilar fotograf\u00edas antiguas para poder \u2018reconstruir&#8217; los municipios aragoneses a trav\u00e9s de ellas.<\/p>\n<p>Con Ainhara G\u00fcerri y Olivier Vilain.<\/p>\n<p><strong><a href=\"http:\/\/www.aragonradio.es\/podcast\/emision\/el-tranvia-verde-27032019-jean-laurent-en-aragon\/\" target=\"_blank\">27\/03\/2019 ARAG\u00d3N RADIO. El tranv\u00eda verde: Jean Laurent en Arag\u00f3n<\/a>\u00a0[24:49 min]<\/strong><br \/>\nEl Tranv\u00eda Verde de Arag\u00f3n Radio conversa con el historiador y experto en fotograf\u00eda antigua Jos\u00e9 Antonio Hern\u00e1ndez Latas sobre la figura del franc\u00e9s Jean Laurent, uno de los fot\u00f3grafos m\u00e1s importantes del siglo XIX en Espa\u00f1a. Ostent\u00f3 el t\u00edtulo de &#8216;Fot\u00f3grafo de Su Majestad la Reina&#8217; entre 1861 y 1868 e inmortaliz\u00f3 pr\u00e1cticamente todos los monumentos y colecciones art\u00edsticas de la pen\u00ednsula Ib\u00e9rica, incluidas las &#8216;Pinturas negras&#8217; de Goya que adornaban las paredes de la Quinta del Sordo. Su paso por Arag\u00f3n se recoge en algunos de sus m\u00faltiples cat\u00e1logos, con instant\u00e1neas del Monasterio de Piedra, Alhama de Arag\u00f3n y Zaragoza.<\/p>\n<p>Con Sara Lamb\u00e1n.<\/p>\n<p><strong><a href=\"http:\/\/www.aragonradio.es\/podcast\/emision\/ocurrio-en-aragon-la-muerte-del-fotografo-lucas-cepero\/\" target=\"_blank\">07\/11\/2016 ARAG\u00d3N RADIO. Ocurri\u00f3 en Arag\u00f3n: La muerte del fot\u00f3grafo Lucas Cepero<\/a>\u00a0[14:52 min]<br \/>\n<\/strong>El fot\u00f3grafo zaragozano Lucas Cepero muri\u00f3 asesinado en la capital aragonesa en 1924. Se trat\u00f3 de un crimen pasional que conmocion\u00f3 a la ciudad y del que habla en Arag\u00f3n Radio el investigador Jos\u00e9 Antonio Hern\u00e1ndez Latas.<\/p>\n<p>Con Javier V\u00e1zquez.<\/p>\n<p><strong><a href=\"http:\/\/www.aragonradio.es\/podcast\/emision\/147895\/\" target=\"_blank\">23\/10\/2016 ARAG\u00d3N RADIO. El tranv\u00eda verde. Exposici\u00f3n Zaragoza estereosc\u00f3pica <\/a>[22:10 min]<\/strong><br \/>\nEntrevista con el comisario de la exposici\u00f3n inaugurada en el Paraninfo de la Universidad de Zaragoza, Jos\u00e9 Antonio Hern\u00e1ndez Latas, titulada <em>Zaragoza estereosc\u00f3pica. Fotograf\u00eda profesional y comercial (1850-1970).<\/em><\/p>\n<p>Con Sara Lamb\u00e1n.<\/p>\n<p><strong><a href=\"http:\/\/www.aragonradio.es\/podcast\/emision\/libros-que-recorren-aragon-la-zaragoza-de-los-anos-veinte\" target=\"_blank\">04\/10\/2015 ARAG\u00d3N RADIO. Arag\u00f3n fin de semana. La Zaragoza de los a\u00f1os veinte. Roisin<\/a> [16:52 min]<\/strong><br \/>\nArag\u00f3n Fin de Semana abre su particular biblioteca de libros en cuyas p\u00e1ginas se recorren localidades aragonesas. Y lo hace con ayuda de Sergio Navarro, de la editorial Anorak. En esta ocasi\u00f3n participa en el espacio el escritor, profesor e investigador Jos\u00e9 Antonio Hern\u00e1ndez Latas, autor de un libro sobre la Zaragoza de los A\u00f1os 20.<\/p>\n<p>Con Carlos Espatolero<\/p>\n","protected":false},"excerpt":{"rendered":"<p>&nbsp; Podcasts 21\/11 \/2020 ARAG\u00d3N RADIO. La Cadiera: Proyecto Arag\u00f3n Photo. Al rescate del patrimonio fotogr\u00e1fico oculto\u00a0[07:27 min] Jos\u00e9 Antonio Hern\u00e1ndez Latas es uno de los impulsores de este proyecto de ciencia ciudadana que pretende recuperar im\u00e1genes conservadas en los archivos familiares aragoneses. Con \u00d3scar Vegas y Teresa Cano. 27\/02\/2020 ARAG\u00d3N RADIO. Despierta Arag\u00f3n: Proyecto [&hellip;]<\/p>\n","protected":false},"author":1,"featured_media":0,"parent":0,"menu_order":6,"comment_status":"open","ping_status":"open","template":"home-panels.php","meta":{"footnotes":""},"class_list":["post-2275","page","type-page","status-publish","hentry"],"_links":{"self":[{"href":"http:\/\/fotoaragon.cesar.unizar.es\/index.php?rest_route=\/wp\/v2\/pages\/2275","targetHints":{"allow":["GET"]}}],"collection":[{"href":"http:\/\/fotoaragon.cesar.unizar.es\/index.php?rest_route=\/wp\/v2\/pages"}],"about":[{"href":"http:\/\/fotoaragon.cesar.unizar.es\/index.php?rest_route=\/wp\/v2\/types\/page"}],"author":[{"embeddable":true,"href":"http:\/\/fotoaragon.cesar.unizar.es\/index.php?rest_route=\/wp\/v2\/users\/1"}],"replies":[{"embeddable":true,"href":"http:\/\/fotoaragon.cesar.unizar.es\/index.php?rest_route=%2Fwp%2Fv2%2Fcomments&post=2275"}],"version-history":[{"count":23,"href":"http:\/\/fotoaragon.cesar.unizar.es\/index.php?rest_route=\/wp\/v2\/pages\/2275\/revisions"}],"predecessor-version":[{"id":2370,"href":"http:\/\/fotoaragon.cesar.unizar.es\/index.php?rest_route=\/wp\/v2\/pages\/2275\/revisions\/2370"}],"wp:attachment":[{"href":"http:\/\/fotoaragon.cesar.unizar.es\/index.php?rest_route=%2Fwp%2Fv2%2Fmedia&parent=2275"}],"curies":[{"name":"wp","href":"https:\/\/api.w.org\/{rel}","templated":true}]}}