{"id":2033,"date":"2019-06-28T10:57:24","date_gmt":"2019-06-28T10:57:24","guid":{"rendered":"http:\/\/fotoaragon.unizar.es\/?page_id=2033"},"modified":"2019-06-28T11:46:19","modified_gmt":"2019-06-28T11:46:19","slug":"proyecciones-en-3d-cortesia-de-la-london-stereoscopic-company-de-brian-may-2019","status":"publish","type":"page","link":"http:\/\/fotoaragon.cesar.unizar.es\/?page_id=2033","title":{"rendered":"Proyecciones en 3D, cortes\u00eda de la \u00abLondon Stereoscopic Company\u00bb de Brian May (III Jornadas, 2019)"},"content":{"rendered":"<p><a href=\"http:\/\/fotoaragon.cesar.unizar.es\/wp-content\/uploads\/2019\/06\/mega-glasses-filtres.jpg\"><img loading=\"lazy\" decoding=\"async\" class=\"alignleft  wp-image-2055\" alt=\"Omega glasses &amp; filtres\" src=\"http:\/\/fotoaragon.cesar.unizar.es\/wp-content\/uploads\/2019\/06\/mega-glasses-filtres.jpg\" width=\"540\" height=\"359\" \/><\/a><\/p>\n<p>&nbsp;<\/p>\n<p>&nbsp;<\/p>\n<p>&nbsp;<\/p>\n<p>&nbsp;<\/p>\n<p>&nbsp;<\/p>\n<p>&nbsp;<\/p>\n<p>&nbsp;<\/p>\n<p>&nbsp;<\/p>\n<p>&nbsp;<\/p>\n<p>&nbsp;<\/p>\n<p><a title=\"3D Projections\" href=\"https:\/\/www.dropbox.com\/s\/tgpvthf4o8c3n5r\/3D%20Proyections%20%28English%20versi%C3%B3n%29%2C%202019.pdf?dl=0\" target=\"_blank\">3D Projection (English versi\u00f3n), 2019<\/a><\/p>\n<p><span style=\"font-size: medium;\">Estimada Sra., estimado Sr.: <\/span><\/p>\n<p>Correo dirigido a los autores\u00a0de las comunicaciones seleccionadas en las III Jornadas sobre investigaci\u00f3n en Historia de la Fotograf\u00eda en Zaragoza, del 23 al 25 de octubre de 2019. Denis Pellerin y Rebecca Sharpe, de la London Stereoscopic Company del Dr. Brian May, le ofrecen la oportunidad de presentar su charla en 3-D si lo desean.<\/p>\n<p>La proyecci\u00f3n en 3-D se realizar\u00e1 utilizando dos proyectores acoplados a filtros interferenciales Omega y gafas Omega. El sistema permite la proyecci\u00f3n en cualquier pantalla blanca y, a diferencia de otros sistemas, no hay ning\u00fan efecto fantasma en absoluto.<\/p>\n<p>TODAS las im\u00e1genes proyectadas deben procesarse en un formato especial y deben ser 1920&#215;1080 p\u00edxeles (HD). Por lo tanto, se le dan dos opciones:<\/p>\n<p>Opci\u00f3n 1 &#8211; Env\u00edanos tus fotos, nosotros hacemos el resto.<\/p>\n<p>Env\u00edenos una presentaci\u00f3n en Powerpoint \/ Keynote de su Comunicaci\u00f3n a la direcci\u00f3n que figura a continuaci\u00f3n (para que sepamos en qu\u00e9 orden deben estar las diapositivas) M\u00c1S todas las im\u00e1genes en la resoluci\u00f3n m\u00e1s alta posible (preferiblemente con una resoluci\u00f3n de m\u00e1s de 1080 p\u00edxeles). El sistema que utilizamos requiere que TODAS las im\u00e1genes de la Comunicaci\u00f3n, incluso las planas, deban procesarse como si estuvieran en 3-D.<\/p>\n<p>Todas las im\u00e1genes se pegan en un fondo de 1920&#215;1080 y luego se doblan a 3840&#215;1080 y finalmente se comprimen lateralmente a 1920&#215;1080 de nuevo. Puede parecer confuso, pero garantizamos que el resultado ser\u00e1 alucinante, siempre que la resoluci\u00f3n de las im\u00e1genes que env\u00ede sea lo suficientemente alta.<\/p>\n<p>Opci\u00f3n 2 \u2013 Opci\u00f3n hazlo t\u00fa mismo<\/p>\n<p>En esta opci\u00f3n haces tus propias diapositivas de 1920&#215;1080. Env\u00edenos un correo electr\u00f3nico a la direcci\u00f3n indicada a continuaci\u00f3n y le enviaremos explicaciones detalladas sobre c\u00f3mo proceder.<\/p>\n<p>En cualquier caso, es importante que recibamos su charla al menos dos semanas antes del evento (antes de eso, si es posible si tenemos que procesar las im\u00e1genes nosotros mismos) para que podamos comprobar que todo se mostrar\u00e1 correctamente en el d\u00eda asignado para su exposici\u00f3n.<\/p>\n<p>DIRECCI\u00d3N DE CORREO ELECTR\u00d3NICO PARA ENVIAR SUS IM\u00c1GENES O P\u00d3NGASE EN CONTACTO CON NOSOTROS:<\/p>\n<p><span style=\"color: #0000ff;\">denis@londonstereo.com<\/span><\/p>\n<p>&nbsp;<\/p>\n<p>&nbsp;<\/p>\n","protected":false},"excerpt":{"rendered":"<p>&nbsp; &nbsp; &nbsp; &nbsp; &nbsp; &nbsp; &nbsp; &nbsp; &nbsp; &nbsp; 3D Projection (English versi\u00f3n), 2019 Estimada Sra., estimado Sr.: Correo dirigido a los autores\u00a0de las comunicaciones seleccionadas en las III Jornadas sobre investigaci\u00f3n en Historia de la Fotograf\u00eda en Zaragoza, del 23 al 25 de octubre de 2019. Denis Pellerin y Rebecca Sharpe, de la [&hellip;]<\/p>\n","protected":false},"author":1,"featured_media":0,"parent":1855,"menu_order":3,"comment_status":"open","ping_status":"open","template":"home-panels.php","meta":{"footnotes":""},"class_list":["post-2033","page","type-page","status-publish","hentry"],"_links":{"self":[{"href":"http:\/\/fotoaragon.cesar.unizar.es\/index.php?rest_route=\/wp\/v2\/pages\/2033","targetHints":{"allow":["GET"]}}],"collection":[{"href":"http:\/\/fotoaragon.cesar.unizar.es\/index.php?rest_route=\/wp\/v2\/pages"}],"about":[{"href":"http:\/\/fotoaragon.cesar.unizar.es\/index.php?rest_route=\/wp\/v2\/types\/page"}],"author":[{"embeddable":true,"href":"http:\/\/fotoaragon.cesar.unizar.es\/index.php?rest_route=\/wp\/v2\/users\/1"}],"replies":[{"embeddable":true,"href":"http:\/\/fotoaragon.cesar.unizar.es\/index.php?rest_route=%2Fwp%2Fv2%2Fcomments&post=2033"}],"version-history":[{"count":18,"href":"http:\/\/fotoaragon.cesar.unizar.es\/index.php?rest_route=\/wp\/v2\/pages\/2033\/revisions"}],"predecessor-version":[{"id":2062,"href":"http:\/\/fotoaragon.cesar.unizar.es\/index.php?rest_route=\/wp\/v2\/pages\/2033\/revisions\/2062"}],"up":[{"embeddable":true,"href":"http:\/\/fotoaragon.cesar.unizar.es\/index.php?rest_route=\/wp\/v2\/pages\/1855"}],"wp:attachment":[{"href":"http:\/\/fotoaragon.cesar.unizar.es\/index.php?rest_route=%2Fwp%2Fv2%2Fmedia&parent=2033"}],"curies":[{"name":"wp","href":"https:\/\/api.w.org\/{rel}","templated":true}]}}