{"id":2022,"date":"2019-06-28T10:16:00","date_gmt":"2019-06-28T10:16:00","guid":{"rendered":"http:\/\/fotoaragon.unizar.es\/?page_id=2022"},"modified":"2025-07-02T15:36:21","modified_gmt":"2025-07-02T15:36:21","slug":"normas-de-edicion-de-las-comunicaciones-iii-jornadas-2019","status":"publish","type":"page","link":"http:\/\/fotoaragon.cesar.unizar.es\/?page_id=2022","title":{"rendered":"Normas de edici\u00f3n de las Comunicaciones"},"content":{"rendered":"<p><b>NORMAS DE EDICI\u00d3N DE LAS COMUNICACIONES<br \/><\/b><b><b><span style=\"text-decoration: underline;\"><br \/>Plazo de entrega de originales e ilustraciones<\/span>: <\/b><\/b>Preferiblemente durante las Jornadas, d\u00edas 29, 30 y 31 de octubre de 2025.<\/p>\n<p><b><span style=\"text-decoration: underline;\">Extensi\u00f3n<\/span>:<\/b> Un m\u00e1ximo de 10 p\u00e1ginas en formato Din A-4 (incluidos cuadros, referencias bibliogr\u00e1ficas, etc., pero sin las ilustraciones)<\/p>\n<p><b><span style=\"text-decoration: underline;\">Formato<\/span><\/b><b>:<\/b> WORD<\/p>\n<p><b><span style=\"text-decoration: underline;\">Fuente<\/span><\/b><b>:<\/b> Times New Roman, cuerpo 12<\/p>\n<p><b><span style=\"text-decoration: underline;\">Interlineado<\/span>:<\/b> 1.5<\/p>\n<p><b><span style=\"text-decoration: underline;\">Notas<\/span>:<\/b> Las notas ir\u00e1n numeradas y a pie de p\u00e1gina. El n\u00famero volado de la nota, inserto a lo largo del texto, deber\u00e1 situarse antes de los signos de puntuaci\u00f3n, no despu\u00e9s.<b><span style=\"text-decoration: underline;\"><br \/>Fotograf\u00edas y gr\u00e1ficos<\/span>: M\u00e1ximo 6 ilustraciones.<\/b> Insertadas en el texto, numeradas y con su correspondiente pie. Dichas im\u00e1genes y gr\u00e1ficos, se adjuntar\u00e1n tambi\u00e9n en ficheros independientes debidamente numerados y con la calidad y resoluci\u00f3n suficiente para su publicaci\u00f3n (<b>300 ppp JPG \/ TIF<\/b>). Las ilustraciones deber\u00e1n estar<b> libres de derechos de reproducci\u00f3n<\/b> o, en caso contrario, ser\u00e1n los autores quienes deber\u00e1n asumir su coste.<\/p>\n<p><b><span style=\"text-decoration: underline;\"><br \/>Estructura de la comunicaci\u00f3n<\/span>:<\/b><\/p>\n<p>. <b>T\u00edtulo<\/b> (espa\u00f1ol \u00a0e ingl\u00e9s)<br \/>. <b>Autor\/es<\/b><br \/>. <b>Filiaci\u00f3n institucional<\/b> (centro, universidad, instituci\u00f3n, profesi\u00f3n\u2026)<br \/>. <b>Resumen \/ Abstract<\/b> (espa\u00f1ol e ingl\u00e9s) \/ M\u00e1ximo 10 l\u00edneas.<br \/>. <b>Palabras clave \/ Keywords<\/b> (espa\u00f1ol e ingl\u00e9s)<br \/>. <b>Desarrollo del art\u00edculo<\/b> (exclusivamente en espa\u00f1ol o en ingl\u00e9s)<br \/>. <b>Referencias bibliogr\u00e1ficas<\/b><\/p>\n<p><b><span style=\"text-decoration: underline;\">Citas y bibliograf\u00eda<\/span><\/b><\/p>\n<p>Para las <strong>citas bibliogr\u00e1ficas <\/strong>a lo largo del texto, se utilizar\u00e1 el sistema HARVARD de referencia, es decir que, en el cuerpo del texto se indicar\u00e1 entre par\u00e9ntesis la referencia (Apellido del autor, a\u00f1o: p\u00e1gina o p\u00e1ginas). Ejemplo:\u00a0<\/p>\n<p style=\"padding-left: 40px;\">(Fontanella, 1981: 46-47)<\/p>\n<p>Y al final del texto habr\u00e1 un listado bibliogr\u00e1fico ordenado alfab\u00e9ticamente de la siguiente manera:<\/p>\n<p>.<b> Libro:<\/b> APELLIDO, Nombre (a\u00f1o de publicaci\u00f3n), <i>T\u00edtulo<\/i>, Ciudad de publicaci\u00f3n: Editorial. Si el libro es de varios autores, s\u00f3lo en el caso del primero se da antes el apellido y luego el nombre. Ejemplo:<\/p>\n<p style=\"padding-left: 40px;\">-FONTANELLA, Lee (1981), <em>Historia de la fotograf\u00eda en Espa\u00f1a desde sus or\u00edgenes hasta 1900<\/em>, Madrid, El Viso.<\/p>\n<p>. <b>Cap\u00edtulo de Libro:<\/b> APELLIDO del autor del cap\u00edtulo, Nombre (a\u00f1o de publicaci\u00f3n), \u00abT\u00edtulo del cap\u00edtulo\u00bb, en Nombre y APELLIDO del editor (ed.), <i>T\u00edtulo del libro<\/i>. Ciudad de publicaci\u00f3n: Editorial, p\u00e1ginas. Ejemplo:\u00a0<\/p>\n<p style=\"padding-left: 40px;\">-SOUGEZ, Marie-Loup (2017), \u00abFotograf\u00eda europea y vanguardias en el periodo de entreguerras\u00bb, en J. A. HERN\u00c1NDEZ LATAS (ed.),<em> I Jornadas sobre Investigaci\u00f3n en Historia de la Fotograf\u00eda. <\/em><span class=\"subtitulo\"><em>1839-1939: Un siglo de fotograf\u00eda<\/em> \/ I Conference on Research in History of Photography. 1839-1939: A Century of photography, Zaragoza, IFC, p\u00e1gs. 486-501.<\/span><\/p>\n<p>. <b>Art\u00edculo de Revista: <\/b>APELLIDO, Nombre (a\u00f1o de publicaci\u00f3n), \u00abT\u00edtulo del art\u00edculo\u00bb, <i>T\u00edtulo de la revista<\/i>. Volumen (n\u00famero), p\u00e1ginas. Ejemplo:<\/p>\n<p style=\"padding-left: 40px;\">-TEIXIDOR CADENAS, Carlos (2019), \u00abLaurent a trav\u00e9s de la lente\u00bb, en <em>Descubrir el arte<\/em>, n\u00ba 240, p\u00e1gs. 60-65.<\/p>\n<p>. <b>Los recursos de Internet<\/b> deben citarse indicando no s\u00f3lo la URL sino tambi\u00e9n, en la medida de lo posible, el autor, t\u00edtulo, nombre del sitio, a\u00f1o de publicaci\u00f3n, y la fecha de consulta.<\/p>\n<p>\u00a0<\/p>\n<hr \/>\n<p><strong>PUBLICATION RULES FOR ACADEMIC PAPERS<br \/><\/strong><\/p>\n<p><strong><u><br \/>Deadline for handing in originals and illustrations<\/u><\/strong><strong>: <\/strong>Preferably during the Conference, from October 29 to 31, 2025.<\/p>\n<p><strong><u>Length<\/u><\/strong><strong>:<\/strong> Maximum 10 pages in Din A-4 format (including tables, reference list, etc., but not illustrations)<\/p>\n<p><strong><u>Format<\/u><\/strong><strong>:<\/strong> WORD<\/p>\n<p><strong><u>Font<\/u><\/strong><strong>:<\/strong> Times New Roman, size 12<\/p>\n<p><strong><u>Line spacing<\/u>:<\/strong> 1.5<\/p>\n<p><strong><u>Notes<\/u><\/strong><strong>:<\/strong> End of page<br \/><strong><u><br \/>Photographs and graphs<\/u>: Maximum 6 illustrations.<\/strong> Inserted in text and numbered, with their corresponding caption. Images and graphs should be attached in independent files with their corresponding number and have sufficient quality and resolution for publication (<strong>300 ppp JPG \/ TIF<\/strong>). All illustrations must be <strong>free of copyright.<\/strong> If this is not the case, the cost will be assumed by the author.<\/p>\n<p><strong><u><br \/>Structure<\/u>:<\/strong><\/p>\n<p>. <strong>Title<\/strong> (Spanish and English)<br \/>. <strong>Author\/s<\/strong><br \/>. <strong>Institutional affiliation<\/strong> (centre, university, institution, profession\u2026)<br \/>. <strong>Abstract<\/strong> (Spanish and English) \/ Maximum 10 lines.<br \/>. <strong>Keywords<\/strong> (Spanish and English)<br \/>.<strong>Development of article<\/strong> (exclusively in Spanish or English)<br \/>. <strong>Reference List<\/strong><\/p>\n<p><strong><u>Citations and Reference List<\/u><\/strong><\/p>\n<p>For bibliographic citations, the <strong>Harvard referencing system<\/strong> will be used, in other words, in-text citations in the following format: (Author, year published: page) in the main body of the text and a reference list in alphabetical order at the end as follows:<\/p>\n<p style=\"padding-left: 40px;\">(Fontanella, 1981: 46-47)<\/p>\n<p>.<strong>Book:<\/strong> SURNAME, Name (year of publication), <em>Title<\/em>, Place of Publication: Publisher. If the book has several authors, only in the case of the first author, will the surname be written before the name.<\/p>\n<p style=\"padding-left: 40px;\">-FONTANELLA, Lee (1981), <em>Historia de la fotograf\u00eda en Espa\u00f1a desde sus or\u00edgenes hasta 1900<\/em>, Madrid, El Viso.<\/p>\n<p>. <strong>Chapter of book:<\/strong> SURNAME OF AUTHOR OF BOOK, Name (year of publication), \u00abTitle of chapter\u00bb, in Name of co-ordinator, SURNAME OF CO-ORDINATOR (co-ord.), <em>Title of book<\/em>. Place of Publication: Publisher, pages.<\/p>\n<p style=\"padding-left: 40px;\">-SOUGEZ, Marie-Loup (2017), \u00abFotograf\u00eda europea y vanguardias en el periodo de entreguerras\u00bb, en HERN\u00c1NDEZ LATAS, J.A. (ed.),<em> I Jornadas sobre Investigaci\u00f3n en Historia de la Fotograf\u00eda. <\/em><span class=\"subtitulo\"><em>1839-1939: Un siglo de fotograf\u00eda<\/em> \/ I Conference on Research in History of Photography. 1839-1939: A Century of photography, Zaragoza, IFC, p\u00e1gs. 486-501.<\/span><\/p>\n<p>. <strong>Article in journal: <\/strong>SURNAME, Name (year of publication), \u00abTitle of article\u00bb, <em>Title of Journal<\/em>. Volume (number), pages.<\/p>\n<p style=\"padding-left: 40px;\">-TEIXIDOR CADENAS, Carlos (2019), \u00abLaurent a trav\u00e9s de la lente\u00bb, en <em>Descubrir el arte<\/em>, n\u00ba 240, p\u00e1gs. 60-65.<\/p>\n<p>. <strong>Internet sources<\/strong> should be cited not only using the URL but also, wherever possible, the author, title, name of website, year of publication and date of consultation.<\/p>\n\n\n<p><\/p>\n","protected":false},"excerpt":{"rendered":"<p>NORMAS DE EDICI\u00d3N DE LAS COMUNICACIONESPlazo de entrega de originales e ilustraciones: Preferiblemente durante las Jornadas, d\u00edas 29, 30 y 31 de octubre de 2025. Extensi\u00f3n: Un m\u00e1ximo de 10 p\u00e1ginas en formato Din A-4 (incluidos cuadros, referencias bibliogr\u00e1ficas, etc., pero sin las ilustraciones) Formato: WORD Fuente: Times New Roman, cuerpo 12 Interlineado: 1.5 Notas: [&hellip;]<\/p>\n","protected":false},"author":1,"featured_media":0,"parent":1855,"menu_order":2,"comment_status":"open","ping_status":"open","template":"home-panels.php","meta":{"footnotes":""},"class_list":["post-2022","page","type-page","status-publish","hentry"],"_links":{"self":[{"href":"http:\/\/fotoaragon.cesar.unizar.es\/index.php?rest_route=\/wp\/v2\/pages\/2022","targetHints":{"allow":["GET"]}}],"collection":[{"href":"http:\/\/fotoaragon.cesar.unizar.es\/index.php?rest_route=\/wp\/v2\/pages"}],"about":[{"href":"http:\/\/fotoaragon.cesar.unizar.es\/index.php?rest_route=\/wp\/v2\/types\/page"}],"author":[{"embeddable":true,"href":"http:\/\/fotoaragon.cesar.unizar.es\/index.php?rest_route=\/wp\/v2\/users\/1"}],"replies":[{"embeddable":true,"href":"http:\/\/fotoaragon.cesar.unizar.es\/index.php?rest_route=%2Fwp%2Fv2%2Fcomments&post=2022"}],"version-history":[{"count":20,"href":"http:\/\/fotoaragon.cesar.unizar.es\/index.php?rest_route=\/wp\/v2\/pages\/2022\/revisions"}],"predecessor-version":[{"id":3990,"href":"http:\/\/fotoaragon.cesar.unizar.es\/index.php?rest_route=\/wp\/v2\/pages\/2022\/revisions\/3990"}],"up":[{"embeddable":true,"href":"http:\/\/fotoaragon.cesar.unizar.es\/index.php?rest_route=\/wp\/v2\/pages\/1855"}],"wp:attachment":[{"href":"http:\/\/fotoaragon.cesar.unizar.es\/index.php?rest_route=%2Fwp%2Fv2%2Fmedia&parent=2022"}],"curies":[{"name":"wp","href":"https:\/\/api.w.org\/{rel}","templated":true}]}}