{"id":1862,"date":"2019-03-22T09:27:02","date_gmt":"2019-03-22T09:27:02","guid":{"rendered":"http:\/\/fotoaragon.unizar.es\/?page_id=1862"},"modified":"2025-07-02T15:39:12","modified_gmt":"2025-07-02T15:39:12","slug":"propuestas-de-comunicaciones-2019","status":"publish","type":"page","link":"http:\/\/fotoaragon.cesar.unizar.es\/?page_id=1862","title":{"rendered":"Propuestas de Comunicaciones \/ Call for papers"},"content":{"rendered":"<p>Los investigadores interesados en presentar comunicaciones podr\u00e1n hacerlo indistintamente en espa\u00f1ol o ingl\u00e9s. Deber\u00e1n remitir un correo electr\u00f3nico a <strong>jornadasfotzaragoza@gmail.com<\/strong>, indicando el t\u00edtulo de su comunicaci\u00f3n, junto a un resumen de la misma de alrededor de 400 palabras e incluir en dicho correo sus datos personales y profesionales o acad\u00e9micos. El plazo para la recepci\u00f3n de las solicitudes de comunicaciones concluir\u00e1 el <strong>15 de junio de 2025<\/strong>.<\/p>\n<p>Una vez evaluada su solicitud por el Comit\u00e9 cient\u00edfico y en caso de aprobaci\u00f3n, a vuelta de correo recibir\u00e1 las \u00abNormas de Edici\u00f3n\u00bb a las que deber\u00e1 ajustar su comunicaci\u00f3n, as\u00ed como la fecha y hora a la que se le emplaza para la lectura de la misma.<\/p>\n<p>La lectura de una comunicaci\u00f3n dentro del programa de las Jornadas ser\u00e1 reconocida con la concesi\u00f3n de un diploma acreditativo, as\u00ed como su publicaci\u00f3n en las Actas de las Jornadas.<\/p>\n<p>&#8212;&#8212;&#8212;&#8212;&#8212;&#8212;&#8212;-<\/p>\n<p><span style=\"color: #000080; font-family: Georgia;\">Researchers interested in submitting papers may do so in Spanish or English. They should send an email to <strong>jornadasfotzaragoza@gmail.com<\/strong>, indicating the title of their paper, together with\u00a0 an abstract of around 400 words and include in this email their personal, professional, or academic details. The deadline for receiving paper proposals ends on\u00a0<strong>June 15, 2025<\/strong>.<\/span><\/p>\n<p><span style=\"color: #000080; font-family: Georgia;\">Once your application has been evaluated by the Conference Committee and in case of approval, by return mail you will receive the \u00abPublication rules\u00bb\u00a0which your paper should follow, as well as the date and time at which you will be asked to read it. <\/span><\/p>\n<p><span style=\"color: #000080;\"><span style=\"font-family: Georgia;\">All papers read at the conference will be recognized by an accrediting diploma and published in the conference proceedings.<\/span><span style=\"font-family: Georgia;\"><br clear=\"none\" \/><\/span><\/span><\/p>\n","protected":false},"excerpt":{"rendered":"<p>Los investigadores interesados en presentar comunicaciones podr\u00e1n hacerlo indistintamente en espa\u00f1ol o ingl\u00e9s. Deber\u00e1n remitir un correo electr\u00f3nico a jornadasfotzaragoza@gmail.com, indicando el t\u00edtulo de su comunicaci\u00f3n, junto a un resumen de la misma de alrededor de 400 palabras e incluir en dicho correo sus datos personales y profesionales o acad\u00e9micos. El plazo para la recepci\u00f3n [&hellip;]<\/p>\n","protected":false},"author":1,"featured_media":0,"parent":1855,"menu_order":0,"comment_status":"open","ping_status":"closed","template":"home-panels.php","meta":{"footnotes":""},"class_list":["post-1862","page","type-page","status-publish","hentry"],"_links":{"self":[{"href":"http:\/\/fotoaragon.cesar.unizar.es\/index.php?rest_route=\/wp\/v2\/pages\/1862","targetHints":{"allow":["GET"]}}],"collection":[{"href":"http:\/\/fotoaragon.cesar.unizar.es\/index.php?rest_route=\/wp\/v2\/pages"}],"about":[{"href":"http:\/\/fotoaragon.cesar.unizar.es\/index.php?rest_route=\/wp\/v2\/types\/page"}],"author":[{"embeddable":true,"href":"http:\/\/fotoaragon.cesar.unizar.es\/index.php?rest_route=\/wp\/v2\/users\/1"}],"replies":[{"embeddable":true,"href":"http:\/\/fotoaragon.cesar.unizar.es\/index.php?rest_route=%2Fwp%2Fv2%2Fcomments&post=1862"}],"version-history":[{"count":18,"href":"http:\/\/fotoaragon.cesar.unizar.es\/index.php?rest_route=\/wp\/v2\/pages\/1862\/revisions"}],"predecessor-version":[{"id":3991,"href":"http:\/\/fotoaragon.cesar.unizar.es\/index.php?rest_route=\/wp\/v2\/pages\/1862\/revisions\/3991"}],"up":[{"embeddable":true,"href":"http:\/\/fotoaragon.cesar.unizar.es\/index.php?rest_route=\/wp\/v2\/pages\/1855"}],"wp:attachment":[{"href":"http:\/\/fotoaragon.cesar.unizar.es\/index.php?rest_route=%2Fwp%2Fv2%2Fmedia&parent=1862"}],"curies":[{"name":"wp","href":"https:\/\/api.w.org\/{rel}","templated":true}]}}