{"id":1855,"date":"2019-03-22T09:14:21","date_gmt":"2019-03-22T09:14:21","guid":{"rendered":"http:\/\/fotoaragon.unizar.es\/?page_id=1855"},"modified":"2019-03-22T10:40:00","modified_gmt":"2019-03-22T10:40:00","slug":"iii-jornadas","status":"publish","type":"page","link":"http:\/\/fotoaragon.cesar.unizar.es\/?page_id=1855","title":{"rendered":"III Jornadas Ht\u00aa. de la Fotograf\u00eda \/ 2019"},"content":{"rendered":"<p><b>III Jornadas sobre Investigaci\u00f3n en Historia de la Fotograf\u00eda <\/b>\u00a0\/ Zaragoza, 23-25 de octubre de 2019<br \/>\nLa fotograf\u00eda estereosc\u00f3pica o en 3D, siglos XIX y XX<\/p>\n<p>Con la idea de propiciar un foro de encuentro e intercambio en el que poner en com\u00fan y dar difusi\u00f3n al creciente n\u00famero de investigaciones en el \u00e1mbito de la historia de la fotograf\u00eda, venimos convocando, desde 2015 y con car\u00e1cter bienal, unas <i>Jornadas sobre la Investigaci\u00f3n en Historia de la Fotograf\u00eda<\/i> en Zaragoza, auspiciadas por la Instituci\u00f3n Fernando el Cat\u00f3lico (CSIC), de las que celebraremos su tercera edici\u00f3n los d\u00edas 23, 24 y 25 de octubre del presente 2019.<\/p>\n<p>A diferencia de las dos primeras ediciones, en esta ocasi\u00f3n proponemos un tema de trabajo com\u00fan tanto para las ponencias invitadas, como para las comunicaciones seleccionadas. El tema escogido es la fotograf\u00eda estereosc\u00f3pica o en 3D, y el l\u00edmite cronol\u00f3gico al que deben circunscribirse las diferentes propuestas son los siglos XIX y XX. El objetivo \u00faltimo de esta selecci\u00f3n tem\u00e1tica es el de tratar de reunir en torno a la presente convocatoria a los principales expertos en el \u00e1mbito de la fotograf\u00eda estereosc\u00f3pica, de modo que las Jornadas y su publicaci\u00f3n resultante se constituyan en todo un referente historiogr\u00e1fico sobre el tema.<\/p>\n<p>El tema de trabajo propuesto tendr\u00e1 en esta ocasi\u00f3n un car\u00e1cter \u201cprioritario\u201d, aunque no \u201cexcluyente\u201d, a la hora de admitir comunicaciones.\u00a0 Es decir, aunque las comunicaciones sobre el \u00e1mbito de la fotograf\u00eda estereosc\u00f3pica tendr\u00e1n prioridad a la hora de ser seleccionadas con respecto al resto de comunicaciones, eso no quiere decir que no puedan ser aprobadas tambi\u00e9n otras comunicaciones que versen sobre la historia de la fotograf\u00eda en general.<\/p>\n<p>Sigue siendo el deseo de la organizaci\u00f3n contar con la participaci\u00f3n prioritaria de historiadores de la fotograf\u00eda, pero tambi\u00e9n de historiadores contempor\u00e1neos, expertos y coleccionistas, conservadores de material fotogr\u00e1fico, documentalistas y periodistas culturales especializados. As\u00ed mismo, las Jornadas est\u00e1n dirigidas no solo al \u00e1mbito acad\u00e9mico y universitario (estudiantes, investigadores, profesores, etc.), sino tambi\u00e9n hacia todos aquellos profesionales (archiveros, conservadores de colecciones, museos, etc.) vinculados al mundo del patrimonio fotogr\u00e1fico y tambi\u00e9n al cada vez m\u00e1s numeroso p\u00fablico de aficionados y amantes de la fotograf\u00eda.<\/p>\n<p>Con el fin de garantizar la calidad y el car\u00e1cter in\u00e9dito de las ponencias y, sobre todo, de las comunicaciones presentadas a estas II Jornadas se ha constituido un Comit\u00e9 Cient\u00edfico de expertos, cuyos miembros proceden de los distintos \u00e1mbitos, acad\u00e9mico, de la administraci\u00f3n del Estado y profesional.<\/p>\n<p><b>Jos\u00e9 Antonio Hern\u00e1ndez Latas<\/b><br \/>\nDirector de las III Jornadas<\/p>\n","protected":false},"excerpt":{"rendered":"<p>III Jornadas sobre Investigaci\u00f3n en Historia de la Fotograf\u00eda \u00a0\/ Zaragoza, 23-25 de octubre de 2019 La fotograf\u00eda estereosc\u00f3pica o en 3D, siglos XIX y XX Con la idea de propiciar un foro de encuentro e intercambio en el que poner en com\u00fan y dar difusi\u00f3n al creciente n\u00famero de investigaciones en el \u00e1mbito de [&hellip;]<\/p>\n","protected":false},"author":1,"featured_media":0,"parent":0,"menu_order":1,"comment_status":"open","ping_status":"open","template":"","meta":{"footnotes":""},"class_list":["post-1855","page","type-page","status-publish","hentry"],"_links":{"self":[{"href":"http:\/\/fotoaragon.cesar.unizar.es\/index.php?rest_route=\/wp\/v2\/pages\/1855","targetHints":{"allow":["GET"]}}],"collection":[{"href":"http:\/\/fotoaragon.cesar.unizar.es\/index.php?rest_route=\/wp\/v2\/pages"}],"about":[{"href":"http:\/\/fotoaragon.cesar.unizar.es\/index.php?rest_route=\/wp\/v2\/types\/page"}],"author":[{"embeddable":true,"href":"http:\/\/fotoaragon.cesar.unizar.es\/index.php?rest_route=\/wp\/v2\/users\/1"}],"replies":[{"embeddable":true,"href":"http:\/\/fotoaragon.cesar.unizar.es\/index.php?rest_route=%2Fwp%2Fv2%2Fcomments&post=1855"}],"version-history":[{"count":7,"href":"http:\/\/fotoaragon.cesar.unizar.es\/index.php?rest_route=\/wp\/v2\/pages\/1855\/revisions"}],"predecessor-version":[{"id":2822,"href":"http:\/\/fotoaragon.cesar.unizar.es\/index.php?rest_route=\/wp\/v2\/pages\/1855\/revisions\/2822"}],"wp:attachment":[{"href":"http:\/\/fotoaragon.cesar.unizar.es\/index.php?rest_route=%2Fwp%2Fv2%2Fmedia&parent=1855"}],"curies":[{"name":"wp","href":"https:\/\/api.w.org\/{rel}","templated":true}]}}